{"id":1985,"date":"2023-10-17T11:01:18","date_gmt":"2023-10-17T09:01:18","guid":{"rendered":"https:\/\/www.chatintime.com\/b\/qui-sommes-nous\/"},"modified":"2024-09-23T14:55:52","modified_gmt":"2024-09-23T12:55:52","slug":"qui-sommes-nous","status":"publish","type":"page","link":"https:\/\/www.chatintime.com\/b\/qui-sommes-nous\/","title":{"rendered":"Qui sommes nous ?"},"content":{"rendered":"\n<p>Chatintime.com se pr\u00e9sente comme le site de rencontres en ligne d\u00e9sireux de vous aider \u00e0 passer de bons moments en tchat sex gratuit quand vous le souhaitez ! Et plus si affinit\u00e9s bien s\u00fbr.<\/p>\n\n\n\n<!--more-->\n\n\n\n<p>Cr\u00e9\u00e9 en 2011 par une \u00e9quipe de passionn\u00e9s, Chatintime est n\u00e9 d&#8217;une volont\u00e9 : celle de permettre aux c\u00e9libataires de pouvoir s&#8217;amuser librement, sans inscription pour conserver leur anonymat.<\/p>\n\n\n\n<p>Notre mission ? Vous offrir un service de tchat s\u00e9rieux, s\u00fbr et de qualit\u00e9, qui met l&#8217;accent sur le respect et la bienveillance.<\/p>\n\n\n\n<p>Comment ? En innovant constamment pour vous proposer les meilleurs outils pour identifier des personnes r\u00e9ellement compatibles avec vous :<\/p>\n\n\n\n<ul class=\"wp-block-list\">\n<li>Uns application de tchat en direct avanc\u00e9e pour vous proposer des discussions torrides 24h\/24<\/li>\n\n\n\n<li>De nombreuses personnes connect\u00e9es en m\u00eame tems sur le site pour trouver quelqu&#8217;un qui partage les m\u00eames envies de plaisir que vous<\/li>\n\n\n\n<li>Une mod\u00e9ration active pour garantir des profils authentiques.<\/li>\n<\/ul>\n\n\n\n<p>Mais aussi en cultivant au sein de notre communaut\u00e9 les valeurs qui nous sont ch\u00e8res :<\/p>\n\n\n\n<ul class=\"wp-block-list\">\n<li>La convivialit\u00e9, car le sexe doit rester un plaisir !<\/li>\n\n\n\n<li>L&#8217;honn\u00eatet\u00e9, pour des relations sinc\u00e8res et transparentes.<\/li>\n\n\n\n<li>Le respect mutuel, pour des \u00e9changes bienveillants.<\/li>\n<\/ul>\n\n\n\n<h2 id='chatintime-un-espace-de-discussion-convivial-depuis-2011'  id=\"boomdevs_1\" class=\"wp-block-heading\">Chatintime : un espace de discussion convivial depuis 2011<\/h2>\n\n\n\n<p>Chatintime est un <strong>site de tchat pour adultes<\/strong> cr\u00e9\u00e9 <a href=\"https:\/\/sebepe.com\">Sebepe<\/a> dans le but d&#8217;offrir une plateforme de dialogues en toute s\u00e9curit\u00e9. Ce site est destin\u00e9 \u00e0 tous les adultes \u00e0 la recherche de rencontres pr\u00e8s de chez eux.<\/p>\n\n\n\n<p>Notre animatrice principale, Aur\u00e9lie, Anime plusieurs comptes sur les r\u00e9seaux sociaux tels que Facebook (<a href=\"https:\/\/www.facebook.com\/chatintime\">https:\/\/www.facebook.com\/chatintime<\/a>), X ( ancien Twitter : <a href=\"https:\/\/twitter.com\/AurelieSexyFR\">https:\/\/twitter.com\/AurelieSexyFR<\/a>)  ou Pinterest (<a href=\"https:\/\/www.pinterest.fr\/Chatintime\">https:\/\/www.pinterest.fr\/Chatintime<\/a>).<\/p>\n\n\n\n<h2 id='un-tchat-facile-d-utilisation'  id=\"boomdevs_2\" class=\"wp-block-heading\">Un tchat facile d&#8217;utilisation<\/h2>\n\n\n\n<p>L&#8217;interface de Chatintime est g\u00e9r\u00e9e par le r\u00e9seau Europnet, synonyme de discussions fluides et sans complications techniques. Le salon est accessible gratuitement depuis n&#8217;importe quel appareil connect\u00e9, qu&#8217;il soit mobile ou fixe, et avec n&#8217;importe quelle technologie (Microsoft, Linux, Chrome ou iOs)<\/p>\n\n\n\n<h2 id='une-mod\u00e9ration-efficace'  id=\"boomdevs_3\" class=\"wp-block-heading\">Une mod\u00e9ration efficace<\/h2>\n\n\n\n<p>Une \u00e9quipe de mod\u00e9rateurs veille au respect des r\u00e8glements du r\u00e9seau et des salon #sexe, #BDSM et #gay. Ils sont disponibles en cas de plainte et assurant la convivialit\u00e9 des \u00e9changes. Vous pouvez les interpeller directement sur le salon de discussion. Pour cela, renseignez simplement @pseudo_administrateur pour les solliciter sur le salon public. Ils viendront en priv\u00e9 pour vous aider \u00e0 r\u00e9soudre le probleme auquel vous faites face.<\/p>\n\n\n\n<h2 id='libert\u00e9-d-expression-avec-responsabilit\u00e9'  id=\"boomdevs_4\" class=\"wp-block-heading\">Libert\u00e9 d&#8217;expression avec responsabilit\u00e9<\/h2>\n\n\n\n<p>Sur Chatintime, vous \u00eates libres d&#8217;aborder tous les sujets qui vous tiennent \u00e0 c\u0153ur, dans le respect d&#8217;autrui. Un <a href=\"https:\/\/www.chatintime.com\/b\/mmm-quelle-signifcation-sur-un-site-de-rencontre\/\">climat de tol\u00e9rance<\/a> et d&#8217;ouverture d&#8217;esprit est encourag\u00e9. Tout d\u00e9rapage sera sanctionn\u00e9 par un banissement temporaire ou d\u00e9finitif de la plateforme.<\/p>\n\n\n\n<h2 id='un-lieu-de-rencontres-uniques'  id=\"boomdevs_5\" class=\"wp-block-heading\">Un lieu de rencontres uniques<\/h2>\n\n\n\n<p>Gr\u00e2ce \u00e0 la diversit\u00e9 de ses membres, <a href=\"https:\/\/www.chatintime.com\">Chatintime<\/a> est le lieu id\u00e9al pour nouer des relations authentiques par une discussion l\u00e9g\u00e8re. Mais rien n&#8217;emp\u00eache que cette rencontre m\u00e8ne \u00e0 une histoire plus approfondie et s\u00e9rieuse.<\/p>\n\n\n\n<p>Avec d\u00e9j\u00e0 plus de 2.5 Millions de personnes venues sur le site depuis sa cr\u00e9ation, nous sommes fiers d&#8217;avoir pu contribuer au bonheur de tant de personnes partout en France mais aussi en Belgique ou en Suisse. Et nous esp\u00e9rons vous compter bient\u00f4t parmi nos prochaines belles histoires !<\/p>\n\n\n\n<p>Rejoignez notre communaut\u00e9 !<\/p>\n","protected":false},"excerpt":{"rendered":"<p>Chatintime.com se pr\u00e9sente comme le site de rencontres en ligne d\u00e9sireux de vous aider \u00e0 passer de bons moments en tchat sex gratuit quand vous le souhaitez ! Et plus si affinit\u00e9s bien s\u00fbr.<\/p>\n","protected":false},"author":1,"featured_media":0,"parent":0,"menu_order":0,"comment_status":"closed","ping_status":"closed","template":"","meta":{"footnotes":""},"class_list":["post-1985","page","type-page","status-publish","hentry"],"aioseo_notices":[],"_links":{"self":[{"href":"https:\/\/www.chatintime.com\/b\/wp-json\/wp\/v2\/pages\/1985","targetHints":{"allow":["GET"]}}],"collection":[{"href":"https:\/\/www.chatintime.com\/b\/wp-json\/wp\/v2\/pages"}],"about":[{"href":"https:\/\/www.chatintime.com\/b\/wp-json\/wp\/v2\/types\/page"}],"author":[{"embeddable":true,"href":"https:\/\/www.chatintime.com\/b\/wp-json\/wp\/v2\/users\/1"}],"replies":[{"embeddable":true,"href":"https:\/\/www.chatintime.com\/b\/wp-json\/wp\/v2\/comments?post=1985"}],"version-history":[{"count":0,"href":"https:\/\/www.chatintime.com\/b\/wp-json\/wp\/v2\/pages\/1985\/revisions"}],"wp:attachment":[{"href":"https:\/\/www.chatintime.com\/b\/wp-json\/wp\/v2\/media?parent=1985"}],"curies":[{"name":"wp","href":"https:\/\/api.w.org\/{rel}","templated":true}]}}